{"id":10,"date":"2026-01-19T13:07:37","date_gmt":"2026-01-19T12:07:37","guid":{"rendered":"http:\/\/vhtfrjw.cluster100.hosting.ovh.net\/?page_id=10"},"modified":"2026-04-16T14:10:39","modified_gmt":"2026-04-16T13:10:39","slug":"planning-new","status":"publish","type":"page","link":"https:\/\/thehaaus.com\/index.php\/planning-new\/","title":{"rendered":"Planning-New"},"content":{"rendered":"\n<div class=\"wp-block-cover alignfull\" style=\"padding-right:var(--wp--preset--spacing--large);padding-left:var(--wp--preset--spacing--large);min-height:450px;aspect-ratio:unset;\"><img loading=\"lazy\" decoding=\"async\" width=\"825\" height=\"1024\" class=\"wp-block-cover__image-background wp-image-1763 size-large\" alt=\"\" src=\"https:\/\/thehaaus.com\/wp-content\/uploads\/2026\/03\/IMG_7613-825x1024.webp\" style=\"object-position:52% 14%\" data-object-fit=\"cover\" data-object-position=\"52% 14%\" srcset=\"https:\/\/thehaaus.com\/wp-content\/uploads\/2026\/03\/IMG_7613-825x1024.webp 825w, https:\/\/thehaaus.com\/wp-content\/uploads\/2026\/03\/IMG_7613-242x300.webp 242w, https:\/\/thehaaus.com\/wp-content\/uploads\/2026\/03\/IMG_7613-768x953.webp 768w, https:\/\/thehaaus.com\/wp-content\/uploads\/2026\/03\/IMG_7613-1237x1536.webp 1237w, https:\/\/thehaaus.com\/wp-content\/uploads\/2026\/03\/IMG_7613-1650x2048.webp 1650w, https:\/\/thehaaus.com\/wp-content\/uploads\/2026\/03\/IMG_7613-500x621.webp 500w, https:\/\/thehaaus.com\/wp-content\/uploads\/2026\/03\/IMG_7613-800x993.webp 800w, https:\/\/thehaaus.com\/wp-content\/uploads\/2026\/03\/IMG_7613-1280x1589.webp 1280w, https:\/\/thehaaus.com\/wp-content\/uploads\/2026\/03\/IMG_7613.webp 1856w\" sizes=\"auto, (max-width: 825px) 100vw, 825px\" \/><span aria-hidden=\"true\" class=\"wp-block-cover__background has-custom-1-d-1-d-1-b-background-color has-background-dim-40 has-background-dim\"><\/span><div class=\"wp-block-cover__inner-container is-layout-flow wp-block-cover-is-layout-flow\">\n<p class=\"has-text-align-center has-inter-font-family\" style=\"margin-top:0;margin-bottom:0;font-size:clamp(2.754rem, 2.754rem + ((1vw - 0.2rem) * 4.334), 5.3rem);font-style:normal;font-weight:700;line-height:1.1\">PLANNING<\/p>\n\n\n\n<p class=\"has-text-align-center\" style=\"margin-top:0;margin-bottom:0;padding-top:0;padding-bottom:0;font-size:clamp(14px, 0.875rem + ((1vw - 3.2px) * 0.638), 20px);\">R\u00e9servez vos prochains cours<\/p>\n\n\n\n<div class=\"wp-block-premium-buttons premium-button-group premium-button-group-d80b64173c08\"><div class=\"premium-button-group_wrap premium-button-group-class-css\">\n<div class=\"wp-block-premium-button premium-button__wrap premium-button-32d862e0a256 premium-button__shutter premium-button__shutouthor  hasCustomWidth\" data-icontype=\"icon\" id=\"premium-button-32d862e0a256\"><a href=\"#Planning\" rel=\"noopener noreferrer \" target=\"_self\" class=\"premium-button wp-block-button__link premium-button__md premium-button__before premium-button-type\" style=\"color:#ffffff\"><span class=\"premium-button-text-edit\" style=\"color:#ffffff;text-shadow:0px 0px 10px transparent\">Nos cours<\/span><\/a><\/div>\n<\/div><\/div>\n<\/div><\/div>\n\n\n\n<section class=\"wp-block-group alignfull has-global-padding is-layout-constrained wp-container-core-group-is-layout-cbbb8126 wp-block-group-is-layout-constrained\" style=\"margin-top:0;margin-bottom:0;padding-top:var(--wp--preset--spacing--large);padding-right:var(--wp--preset--spacing--medium);padding-bottom:var(--wp--preset--spacing--large);padding-left:var(--wp--preset--spacing--medium)\">\n<p class=\"has-text-align-center has-custom-1-d-1-d-1-b-color has-text-color\" style=\"font-style:normal;font-weight:500\">Bienvenue chez The Haaus<\/p>\n\n\n\n<div class=\"wp-block-premium-heading premium-heading default premium-heading-a1b5e2a0b494\"><div class=\"premium-title-container  default \" data-backgroundtext=\"\" id=\"premium-heading-a1b5e2a0b494\" data-icontype=\"icon\"><h4 class=\"premium-title-header premium-title-default__wrap \" data-blur-delay=\"\" data-shiny-dur=\"\"><span class=\"premium-title-text-title \"><strong>UN LARGE CHOIX DE COURS ADAPT\u00c9S \u00c0 TOUTES LES PRATIQUES.<\/strong><\/span><\/h4><\/div><\/div>\n\n\n\n<h2 class=\"wp-block-heading has-text-align-center has-custom-1-d-1-d-1-b-color has-text-color\" style=\"font-size:clamp(14px, 0.875rem + ((1vw - 3.2px) * 0.426), 18px);\">Hot yoga, California barre, Pilates, Vinyasa, et bien plus encore\u2026<\/h2>\n<\/section>\n\n\n\n<div class=\"wp-block-anchor-block-standard\" id=\"Planning\" data-anchor-padding=\"\" style=\"--data-anchor-padding: 0px\"><\/div>\n\n\n\n<div id=\"ribbon-schedule\"><\/div>\n<script\nasync\ntype=\"module\"\nhost_id=\"190464\"\nteacher_ids=\"[]\"\nlocation_ids=\"[185809]\"\ntag_ids=\"[]\"\nlite_mode=\"false\"\nhide_drop_in_price=\"true\"\ndefault_filter=\"show-all\"\nlocale=\"fr\"\nsrc=\"https:\/\/momence.com\/plugin\/host-schedule\/host-schedule.js\"\n> <\/script>\n<style>\n:root {\n--momenceColorBackground: #D8D2CB;\n--momenceColorPrimary: 53, 73, 5;\n--momenceColorBlack: 7, 7, 8;\n}\n<\/style>\n\n\n\n<div style=\"height:50px\" aria-hidden=\"true\" class=\"wp-block-spacer\"><\/div>\n\n\n\n<div class=\"wp-block-premium-section premium-section-a8f4ab10d79c premium-section premium-section__stretch_true premium-section__full  alignfull\"><div class=\"premium-section__content_wrap premium-section__top\"><div class=\"premium-section__content_inner premium-section__content_inner-variations\">\n<div class=\"wp-block-nk-awb nk-awb has-986-e-55-background-color has-background\" style=\"min-height:531px\"><div class=\"nk-awb-wrap\" style=\"background:#986e55\" data-awb-type=\"image\" data-awb-parallax=\"scroll\" data-awb-parallax-speed=\"0.5\" data-awb-parallax-mobile=\"false\" data-awb-image-background-size=\"cover\" data-awb-image-background-position=\"50% 50%\"><div class=\"nk-awb-inner\" style=\"opacity: 0.49;\"><img loading=\"lazy\" decoding=\"async\" src=\"https:\/\/thehaaus.com\/wp-content\/uploads\/2026\/03\/freepik__a-medium-shot-captures-a-55yearold-caucasian-woman__14806-scaled.png\" class=\"wp-image-1583 jarallax-img\" alt=\"Pose Hot Yoga Chez the Haaus \u00e0 Strasbourg.\" width=\"2560\" height=\"1429\" srcset=\"https:\/\/thehaaus.com\/wp-content\/uploads\/2026\/03\/freepik__a-medium-shot-captures-a-55yearold-caucasian-woman__14806-scaled.png 2560w, https:\/\/thehaaus.com\/wp-content\/uploads\/2026\/03\/freepik__a-medium-shot-captures-a-55yearold-caucasian-woman__14806-300x167.png 300w, https:\/\/thehaaus.com\/wp-content\/uploads\/2026\/03\/freepik__a-medium-shot-captures-a-55yearold-caucasian-woman__14806-1024x572.png 1024w, https:\/\/thehaaus.com\/wp-content\/uploads\/2026\/03\/freepik__a-medium-shot-captures-a-55yearold-caucasian-woman__14806-768x429.png 768w, https:\/\/thehaaus.com\/wp-content\/uploads\/2026\/03\/freepik__a-medium-shot-captures-a-55yearold-caucasian-woman__14806-1536x857.png 1536w, https:\/\/thehaaus.com\/wp-content\/uploads\/2026\/03\/freepik__a-medium-shot-captures-a-55yearold-caucasian-woman__14806-2048x1143.png 2048w, https:\/\/thehaaus.com\/wp-content\/uploads\/2026\/03\/freepik__a-medium-shot-captures-a-55yearold-caucasian-woman__14806-500x279.png 500w, https:\/\/thehaaus.com\/wp-content\/uploads\/2026\/03\/freepik__a-medium-shot-captures-a-55yearold-caucasian-woman__14806-800x447.png 800w, https:\/\/thehaaus.com\/wp-content\/uploads\/2026\/03\/freepik__a-medium-shot-captures-a-55yearold-caucasian-woman__14806-1280x714.png 1280w, https:\/\/thehaaus.com\/wp-content\/uploads\/2026\/03\/freepik__a-medium-shot-captures-a-55yearold-caucasian-woman__14806-1920x1072.png 1920w\" sizes=\"auto, (max-width: 2560px) 100vw, 2560px\" \/><\/div><\/div><div class=\"nk-awb-wrap-content has-global-padding is-layout-constrained wp-container-nk-awb-is-layout-a5dd074b wp-block-nk-awb-is-layout-constrained\">\n<div class=\"wp-block-premium-heading premium-heading default premium-heading-ef11f23b72d9\"><div class=\"premium-title-container  default \" data-backgroundtext=\"\" id=\"premium-heading-ef11f23b72d9\" data-icontype=\"icon\"><h2 class=\"premium-title-header premium-title-default__wrap \" data-blur-delay=\"\" data-shiny-dur=\"\"><span class=\"premium-title-text-title \">MOVE. SWEAT. RESET.<\/span><\/h2><\/div><\/div>\n\n\n\n<div class=\"wp-block-premium-buttons premium-button-group premium-button-group-a348bf13fcc9\"><div class=\"premium-button-group_wrap premium-button-group-class-css\">\n<div class=\"wp-block-premium-button premium-button__wrap premium-button-396cef73654f premium-button__shutter premium-button__shutouthor  hasCustomWidth\" data-icontype=\"icon\" id=\"premium-button-396cef73654f\"><a href=\"https:\/\/thehaaus.com\/index.php\/contactez-nous\/\" rel=\"noopener noreferrer \" target=\"_self\" class=\"premium-button wp-block-button__link premium-button__md premium-button__before premium-button-type\"><span class=\"premium-button-text-edit\" style=\"text-shadow:0px 0px 10px transparent\">Inscrivez-vous<\/span><\/a><\/div>\n<\/div><\/div>\n<\/div><\/div>\n<\/div><\/div><\/div>\n","protected":false},"excerpt":{"rendered":"<p>Bienvenue chez The Haaus Hot yoga, California barre, Pilates, Vinyasa, et bien plus encore\u2026<\/p>\n","protected":false},"author":1,"featured_media":0,"parent":0,"menu_order":0,"comment_status":"closed","ping_status":"closed","template":"","meta":{"footnotes":""},"folder":[27,26],"class_list":["post-10","page","type-page","status-publish","hentry"],"yoast_head":"<!-- This site is optimized with the Yoast SEO plugin v27.3 - https:\/\/yoast.com\/product\/yoast-seo-wordpress\/ -->\n<title>Cours de yoga et bien-\u00eatre \u00e0 Strasbourg - The Haaus - Yoga &amp; more<\/title>\n<meta name=\"description\" content=\"D\u00e9couvrez un large choix de cours de yoga adapt\u00e9s \u00e0 diff\u00e9rentes pratiques pour tous les niveaux chez The Haaus.\" \/>\n<meta name=\"robots\" content=\"index, follow, max-snippet:-1, max-image-preview:large, max-video-preview:-1\" \/>\n<link rel=\"canonical\" href=\"https:\/\/thehaaus.com\/index.php\/planning-new\/\" \/>\n<meta property=\"og:locale\" content=\"fr_FR\" \/>\n<meta property=\"og:type\" content=\"article\" \/>\n<meta property=\"og:title\" content=\"Cours de yoga et bien-\u00eatre \u00e0 Strasbourg - The Haaus - Yoga &amp; more\" \/>\n<meta property=\"og:description\" content=\"D\u00e9couvrez un large choix de cours de yoga adapt\u00e9s \u00e0 diff\u00e9rentes pratiques pour tous les niveaux chez The Haaus.\" \/>\n<meta property=\"og:url\" content=\"https:\/\/thehaaus.com\/index.php\/planning-new\/\" \/>\n<meta property=\"og:site_name\" content=\"The Haaus - Yoga &amp; more\" \/>\n<meta property=\"article:publisher\" content=\"https:\/\/www.facebook.com\/profile.php?id=61588243662063&amp;locale=fr_FR\" \/>\n<meta property=\"article:modified_time\" content=\"2026-04-16T13:10:39+00:00\" \/>\n<meta property=\"og:image\" content=\"https:\/\/thehaaus.com\/wp-content\/uploads\/2026\/03\/IMG_7613.webp\" \/>\n\t<meta property=\"og:image:width\" content=\"1856\" \/>\n\t<meta property=\"og:image:height\" content=\"2304\" \/>\n\t<meta property=\"og:image:type\" content=\"image\/webp\" \/>\n<meta name=\"twitter:card\" content=\"summary_large_image\" \/>\n<meta name=\"twitter:label1\" content=\"Dur\u00e9e de lecture estim\u00e9e\" \/>\n\t<meta name=\"twitter:data1\" content=\"1 minute\" \/>\n<script type=\"application\/ld+json\" class=\"yoast-schema-graph\">{\"@context\":\"https:\\\/\\\/schema.org\",\"@graph\":[{\"@type\":\"WebPage\",\"@id\":\"https:\\\/\\\/thehaaus.com\\\/index.php\\\/planning-new\\\/\",\"url\":\"https:\\\/\\\/thehaaus.com\\\/index.php\\\/planning-new\\\/\",\"name\":\"Cours de yoga et bien-\u00eatre \u00e0 Strasbourg - The Haaus - Yoga &amp; more\",\"isPartOf\":{\"@id\":\"https:\\\/\\\/thehaaus.com\\\/#website\"},\"primaryImageOfPage\":{\"@id\":\"https:\\\/\\\/thehaaus.com\\\/index.php\\\/planning-new\\\/#primaryimage\"},\"image\":{\"@id\":\"https:\\\/\\\/thehaaus.com\\\/index.php\\\/planning-new\\\/#primaryimage\"},\"thumbnailUrl\":\"https:\\\/\\\/thehaaus.com\\\/wp-content\\\/uploads\\\/2026\\\/03\\\/IMG_7613-825x1024.webp\",\"datePublished\":\"2026-01-19T12:07:37+00:00\",\"dateModified\":\"2026-04-16T13:10:39+00:00\",\"description\":\"D\u00e9couvrez un large choix de cours de yoga adapt\u00e9s \u00e0 diff\u00e9rentes pratiques pour tous les niveaux chez The Haaus.\",\"breadcrumb\":{\"@id\":\"https:\\\/\\\/thehaaus.com\\\/index.php\\\/planning-new\\\/#breadcrumb\"},\"inLanguage\":\"fr-FR\",\"potentialAction\":[{\"@type\":\"ReadAction\",\"target\":[\"https:\\\/\\\/thehaaus.com\\\/index.php\\\/planning-new\\\/\"]}]},{\"@type\":\"ImageObject\",\"inLanguage\":\"fr-FR\",\"@id\":\"https:\\\/\\\/thehaaus.com\\\/index.php\\\/planning-new\\\/#primaryimage\",\"url\":\"https:\\\/\\\/thehaaus.com\\\/wp-content\\\/uploads\\\/2026\\\/03\\\/IMG_7613.webp\",\"contentUrl\":\"https:\\\/\\\/thehaaus.com\\\/wp-content\\\/uploads\\\/2026\\\/03\\\/IMG_7613.webp\",\"width\":1856,\"height\":2304},{\"@type\":\"BreadcrumbList\",\"@id\":\"https:\\\/\\\/thehaaus.com\\\/index.php\\\/planning-new\\\/#breadcrumb\",\"itemListElement\":[{\"@type\":\"ListItem\",\"position\":1,\"name\":\"Accueil\",\"item\":\"https:\\\/\\\/thehaaus.com\\\/\"},{\"@type\":\"ListItem\",\"position\":2,\"name\":\"Planning-New\"}]},{\"@type\":\"WebSite\",\"@id\":\"https:\\\/\\\/thehaaus.com\\\/#website\",\"url\":\"https:\\\/\\\/thehaaus.com\\\/\",\"name\":\"The Haaus - Studio Yoga & more\",\"description\":\"Retrouvez l&#039;harmonie du corps et de l&#039;esprit dans notre sanctuaire urbain.\",\"publisher\":{\"@id\":\"https:\\\/\\\/thehaaus.com\\\/#organization\"},\"alternateName\":\"The Haaus\",\"potentialAction\":[{\"@type\":\"SearchAction\",\"target\":{\"@type\":\"EntryPoint\",\"urlTemplate\":\"https:\\\/\\\/thehaaus.com\\\/?s={search_term_string}\"},\"query-input\":{\"@type\":\"PropertyValueSpecification\",\"valueRequired\":true,\"valueName\":\"search_term_string\"}}],\"inLanguage\":\"fr-FR\"},{\"@type\":\"Organization\",\"@id\":\"https:\\\/\\\/thehaaus.com\\\/#organization\",\"name\":\"The Haaus - Yoga & more\",\"alternateName\":\"The Haaus\",\"url\":\"https:\\\/\\\/thehaaus.com\\\/\",\"logo\":{\"@type\":\"ImageObject\",\"inLanguage\":\"fr-FR\",\"@id\":\"https:\\\/\\\/thehaaus.com\\\/#\\\/schema\\\/logo\\\/image\\\/\",\"url\":\"https:\\\/\\\/thehaaus.com\\\/wp-content\\\/uploads\\\/2026\\\/03\\\/Logo-The-Haaus-Header.png\",\"contentUrl\":\"https:\\\/\\\/thehaaus.com\\\/wp-content\\\/uploads\\\/2026\\\/03\\\/Logo-The-Haaus-Header.png\",\"width\":201,\"height\":112,\"caption\":\"The Haaus - Yoga & more\"},\"image\":{\"@id\":\"https:\\\/\\\/thehaaus.com\\\/#\\\/schema\\\/logo\\\/image\\\/\"},\"sameAs\":[\"https:\\\/\\\/www.facebook.com\\\/profile.php?id=61588243662063&locale=fr_FR\",\"https:\\\/\\\/www.instagram.com\\\/thehaaus\\\/\",\"https:\\\/\\\/www.linkedin.com\\\/company\\\/the-haaus\\\/\"]}]}<\/script>\n<!-- \/ Yoast SEO plugin. -->","yoast_head_json":{"title":"Cours de yoga et bien-\u00eatre \u00e0 Strasbourg - The Haaus - Yoga &amp; more","description":"D\u00e9couvrez un large choix de cours de yoga adapt\u00e9s \u00e0 diff\u00e9rentes pratiques pour tous les niveaux chez The Haaus.","robots":{"index":"index","follow":"follow","max-snippet":"max-snippet:-1","max-image-preview":"max-image-preview:large","max-video-preview":"max-video-preview:-1"},"canonical":"https:\/\/thehaaus.com\/index.php\/planning-new\/","og_locale":"fr_FR","og_type":"article","og_title":"Cours de yoga et bien-\u00eatre \u00e0 Strasbourg - The Haaus - Yoga &amp; more","og_description":"D\u00e9couvrez un large choix de cours de yoga adapt\u00e9s \u00e0 diff\u00e9rentes pratiques pour tous les niveaux chez The Haaus.","og_url":"https:\/\/thehaaus.com\/index.php\/planning-new\/","og_site_name":"The Haaus - Yoga &amp; more","article_publisher":"https:\/\/www.facebook.com\/profile.php?id=61588243662063&locale=fr_FR","article_modified_time":"2026-04-16T13:10:39+00:00","og_image":[{"width":1856,"height":2304,"url":"https:\/\/thehaaus.com\/wp-content\/uploads\/2026\/03\/IMG_7613.webp","type":"image\/webp"}],"twitter_card":"summary_large_image","twitter_misc":{"Dur\u00e9e de lecture estim\u00e9e":"1 minute"},"schema":{"@context":"https:\/\/schema.org","@graph":[{"@type":"WebPage","@id":"https:\/\/thehaaus.com\/index.php\/planning-new\/","url":"https:\/\/thehaaus.com\/index.php\/planning-new\/","name":"Cours de yoga et bien-\u00eatre \u00e0 Strasbourg - The Haaus - Yoga &amp; more","isPartOf":{"@id":"https:\/\/thehaaus.com\/#website"},"primaryImageOfPage":{"@id":"https:\/\/thehaaus.com\/index.php\/planning-new\/#primaryimage"},"image":{"@id":"https:\/\/thehaaus.com\/index.php\/planning-new\/#primaryimage"},"thumbnailUrl":"https:\/\/thehaaus.com\/wp-content\/uploads\/2026\/03\/IMG_7613-825x1024.webp","datePublished":"2026-01-19T12:07:37+00:00","dateModified":"2026-04-16T13:10:39+00:00","description":"D\u00e9couvrez un large choix de cours de yoga adapt\u00e9s \u00e0 diff\u00e9rentes pratiques pour tous les niveaux chez The Haaus.","breadcrumb":{"@id":"https:\/\/thehaaus.com\/index.php\/planning-new\/#breadcrumb"},"inLanguage":"fr-FR","potentialAction":[{"@type":"ReadAction","target":["https:\/\/thehaaus.com\/index.php\/planning-new\/"]}]},{"@type":"ImageObject","inLanguage":"fr-FR","@id":"https:\/\/thehaaus.com\/index.php\/planning-new\/#primaryimage","url":"https:\/\/thehaaus.com\/wp-content\/uploads\/2026\/03\/IMG_7613.webp","contentUrl":"https:\/\/thehaaus.com\/wp-content\/uploads\/2026\/03\/IMG_7613.webp","width":1856,"height":2304},{"@type":"BreadcrumbList","@id":"https:\/\/thehaaus.com\/index.php\/planning-new\/#breadcrumb","itemListElement":[{"@type":"ListItem","position":1,"name":"Accueil","item":"https:\/\/thehaaus.com\/"},{"@type":"ListItem","position":2,"name":"Planning-New"}]},{"@type":"WebSite","@id":"https:\/\/thehaaus.com\/#website","url":"https:\/\/thehaaus.com\/","name":"The Haaus - Studio Yoga & more","description":"Retrouvez l&#039;harmonie du corps et de l&#039;esprit dans notre sanctuaire urbain.","publisher":{"@id":"https:\/\/thehaaus.com\/#organization"},"alternateName":"The Haaus","potentialAction":[{"@type":"SearchAction","target":{"@type":"EntryPoint","urlTemplate":"https:\/\/thehaaus.com\/?s={search_term_string}"},"query-input":{"@type":"PropertyValueSpecification","valueRequired":true,"valueName":"search_term_string"}}],"inLanguage":"fr-FR"},{"@type":"Organization","@id":"https:\/\/thehaaus.com\/#organization","name":"The Haaus - Yoga & more","alternateName":"The Haaus","url":"https:\/\/thehaaus.com\/","logo":{"@type":"ImageObject","inLanguage":"fr-FR","@id":"https:\/\/thehaaus.com\/#\/schema\/logo\/image\/","url":"https:\/\/thehaaus.com\/wp-content\/uploads\/2026\/03\/Logo-The-Haaus-Header.png","contentUrl":"https:\/\/thehaaus.com\/wp-content\/uploads\/2026\/03\/Logo-The-Haaus-Header.png","width":201,"height":112,"caption":"The Haaus - Yoga & more"},"image":{"@id":"https:\/\/thehaaus.com\/#\/schema\/logo\/image\/"},"sameAs":["https:\/\/www.facebook.com\/profile.php?id=61588243662063&locale=fr_FR","https:\/\/www.instagram.com\/thehaaus\/","https:\/\/www.linkedin.com\/company\/the-haaus\/"]}]}},"pbg_featured_image_src":{"full":false,"thumbnail":false,"medium":false,"medium_large":false,"large":false,"1536x1536":false,"2048x2048":false,"awb_sm":false,"awb_md":false,"awb_lg":false,"awb_xl":false},"pbg_author_info":{"display_name":"admin3050","author_link":"https:\/\/thehaaus.com\/index.php\/author\/admin3050\/","author_img":"<img alt='admin3050' src='https:\/\/secure.gravatar.com\/avatar\/3dda9512a93afa49f8035ecb4684d898aabab977f25a789840f06f43f9c9635c?s=128&#038;d=mm&#038;r=g' srcset='https:\/\/secure.gravatar.com\/avatar\/3dda9512a93afa49f8035ecb4684d898aabab977f25a789840f06f43f9c9635c?s=256&#038;d=mm&#038;r=g 2x' class='avatar avatar-128 photo' height='128' width='128' loading='lazy' decoding='async'\/>"},"pbg_comment_info":" No Comments","pbg_excerpt":"Bienvenue chez The Haaus Hot yoga, California barre, Pilates, Vinyasa, et bien plus encore\u2026","_links":{"self":[{"href":"https:\/\/thehaaus.com\/index.php\/wp-json\/wp\/v2\/pages\/10","targetHints":{"allow":["GET"]}}],"collection":[{"href":"https:\/\/thehaaus.com\/index.php\/wp-json\/wp\/v2\/pages"}],"about":[{"href":"https:\/\/thehaaus.com\/index.php\/wp-json\/wp\/v2\/types\/page"}],"author":[{"embeddable":true,"href":"https:\/\/thehaaus.com\/index.php\/wp-json\/wp\/v2\/users\/1"}],"replies":[{"embeddable":true,"href":"https:\/\/thehaaus.com\/index.php\/wp-json\/wp\/v2\/comments?post=10"}],"version-history":[{"count":32,"href":"https:\/\/thehaaus.com\/index.php\/wp-json\/wp\/v2\/pages\/10\/revisions"}],"predecessor-version":[{"id":2191,"href":"https:\/\/thehaaus.com\/index.php\/wp-json\/wp\/v2\/pages\/10\/revisions\/2191"}],"wp:attachment":[{"href":"https:\/\/thehaaus.com\/index.php\/wp-json\/wp\/v2\/media?parent=10"}],"wp:term":[{"taxonomy":"folder","embeddable":true,"href":"https:\/\/thehaaus.com\/index.php\/wp-json\/wp\/v2\/folder?post=10"}],"curies":[{"name":"wp","href":"https:\/\/api.w.org\/{rel}","templated":true}]}}