{"id":1717,"date":"2026-03-27T18:06:16","date_gmt":"2026-03-27T17:06:16","guid":{"rendered":"https:\/\/thehaaus.com\/?page_id=1717"},"modified":"2026-04-16T14:32:20","modified_gmt":"2026-04-16T13:32:20","slug":"mentions-legales","status":"publish","type":"page","link":"https:\/\/thehaaus.com\/index.php\/mentions-legales\/","title":{"rendered":"Mentions l\u00e9gales"},"content":{"rendered":"\n<div class=\"wp-block-premium-section premium-section-ceafd426228e premium-section premium-section__stretch_true premium-section__boxed  alignfull\"><div class=\"premium-section__content_wrap premium-section__top\"><div class=\"premium-section__content_inner premium-section__content_inner-variations\">\n<div style=\"height:60px\" aria-hidden=\"true\" class=\"wp-block-spacer\"><\/div>\n\n\n\n<div class=\"wp-block-premium-heading premium-heading default premium-heading-69da6fd22f69\"><div class=\"premium-title-container  default \" data-backgroundtext=\"\" id=\"premium-heading-69da6fd22f69\" data-icontype=\"icon\"><h5 class=\"premium-title-header premium-title-default__wrap \" data-blur-delay=\"\" data-shiny-dur=\"\"><span class=\"premium-title-text-title \"><a href=\"https:\/\/thehaaus.com\/wp-admin\/site-editor.php?p=%2Fwp_template%2Follie%2F%2Ffront-page&amp;canvas=edit\">Mentions l\u00e9gales<\/a><\/span><\/h5><\/div><\/div>\n\n\n\n<div class=\"wp-block-premium-text premium-text-1e67204d1da4 premium-text\"><p class=\"premium-text-wrap\">Conform\u00e9ment aux dispositions de l&rsquo;article 6 III-1 de la loi n\u00b02004-575 du 21 juin 2004 pour la confiance dans l&rsquo;\u00e9conomie num\u00e9rique, nous vous informons que le pr\u00e9sent site www.thehaaus.com\u00a0(ci-apr\u00e8s \u00ab le Site \u00bb) est la propri\u00e9t\u00e9 exclusive de Yoga&amp;More SAS:<\/p><\/div>\n\n\n\n<div class=\"wp-block-premium-heading premium-heading default premium-heading-d972aa7bb567\"><div class=\"premium-title-container  default \" data-backgroundtext=\"\" id=\"premium-heading-d972aa7bb567\" data-icontype=\"icon\"><h6 class=\"premium-title-header premium-title-default__wrap \" data-blur-delay=\"\" data-shiny-dur=\"\"><span class=\"premium-title-text-title \">1. <strong>\u00c9diteur du site<\/strong><\/span><\/h6><\/div><\/div>\n\n\n\n<div class=\"wp-block-premium-text premium-text-d256edea69b1 premium-text\"><p class=\"premium-text-wrap\"><strong>Le pr\u00e9sent site est \u00e9dit\u00e9 par<\/strong> :<br><strong>D\u00e9nomination sociale<\/strong> : Yoga&amp;More SAS<br><strong>Nom commercial<\/strong> : THE HAAUS<br><strong>Forme juridique<\/strong> : Soci\u00e9t\u00e9 par Actions Simplifi\u00e9e (SAS)<br><strong>Si\u00e8ge social<\/strong> : 3 rue de l\u2019ail, 67000 Strasbourg<br><strong>Num\u00e9ro SIRET<\/strong> : 993 911 577 000 19<br><strong>RCS<\/strong> : Strasbourg<br><strong>Num\u00e9ro de TVA intracommunautaire<\/strong> : FR42993911577<br><strong>Email <\/strong>: <a href=\"mailto:hello@thehaaus.com\">hello@thehaaus.com<\/a><br><strong>T\u00e9l\u00e9phone<\/strong> : +33 3 88 69 95 69<\/p><\/div>\n\n\n\n<div class=\"wp-block-premium-heading premium-heading default premium-heading-ad4a54aad75d\"><div class=\"premium-title-container  default \" data-backgroundtext=\"\" id=\"premium-heading-ad4a54aad75d\" data-icontype=\"icon\"><h6 class=\"premium-title-header premium-title-default__wrap \" data-blur-delay=\"\" data-shiny-dur=\"\"><span class=\"premium-title-text-title \">2. <strong><strong>Directeur de la publication<\/strong><\/strong><\/span><\/h6><\/div><\/div>\n\n\n\n<div class=\"wp-block-premium-text premium-text-eda952985f65 premium-text\"><p class=\"premium-text-wrap\">Le directeur de la publication est Anne Saint Cirgue en qualit\u00e9 de Pr\u00e9sidente de Yoga&amp;More SAS.<\/p><\/div>\n\n\n\n<div class=\"wp-block-premium-heading premium-heading default premium-heading-e83f63886b28\"><div class=\"premium-title-container  default \" data-backgroundtext=\"\" id=\"premium-heading-e83f63886b28\" data-icontype=\"icon\"><h6 class=\"premium-title-header premium-title-default__wrap \" data-blur-delay=\"\" data-shiny-dur=\"\"><span class=\"premium-title-text-title \"><strong><strong><strong>3. H\u00e9bergement du site<\/strong><\/strong><\/strong><\/span><\/h6><\/div><\/div>\n\n\n\n<div class=\"wp-block-premium-text premium-text-674ae2797fb9 premium-text\"><p class=\"premium-text-wrap\"><strong>Le site est h\u00e9berg\u00e9 par <\/strong>:<br><strong>H\u00e9bergeur<\/strong> : OVH SAS<br><strong>Adresse<\/strong> : 2 rue Kellermann, 59100 Roubaix, France<br><strong>T\u00e9l\u00e9phone<\/strong> : 1007<br><a href=\"https:\/\/www.ovhcloud.com\"><strong>www.ovhcloud.com<\/strong><\/a><br><br>Le site est r\u00e9alis\u00e9 par <a href=\"https:\/\/www.slydelux.com\" data-type=\"link\" data-id=\"https:\/\/www.slydelux.com\"><strong>Slydelux<\/strong><\/a> et sa mise \u00e0 jour par Yoga&amp;More SAS<br><strong>Photos<\/strong> : R\u00e9alis\u00e9es par lafloret studio<br><strong>IA G\u00e9n\u00e9rative<\/strong> : <a href=\"https:\/\/www.slydelux.com\" data-type=\"link\" data-id=\"https:\/\/www.slydelux.com\">Sylvain Reiniche<\/a><br><strong>Phototh\u00e8ques <\/strong>: Images libres de droits.<\/p><\/div>\n\n\n\n<div class=\"wp-block-premium-heading premium-heading default premium-heading-a7771e2d7c7d\"><div class=\"premium-title-container  default \" data-backgroundtext=\"\" id=\"premium-heading-a7771e2d7c7d\" data-icontype=\"icon\"><h6 class=\"premium-title-header premium-title-default__wrap \" data-blur-delay=\"\" data-shiny-dur=\"\"><span class=\"premium-title-text-title \">4. <strong><strong><strong><strong>Propri\u00e9t\u00e9 intellectuelle<\/strong><\/strong><\/strong><\/strong><\/span><\/h6><\/div><\/div>\n\n\n\n<div class=\"wp-block-premium-text premium-text-ddf1261bd34f premium-text\"><p class=\"premium-text-wrap\">L\u2019ensemble des contenus pr\u00e9sents sur le site (textes, images, logos, vid\u00e9os, etc.) est la propri\u00e9t\u00e9 exclusive de Yoga&amp;More SAS, sauf mention contraire.<br>Toute reproduction, repr\u00e9sentation, modification ou exploitation, totale ou partielle, est interdite sans autorisation pr\u00e9alable.<\/p><\/div>\n\n\n\n<div class=\"wp-block-premium-heading premium-heading default premium-heading-de18205a43ce\"><div class=\"premium-title-container  default \" data-backgroundtext=\"\" id=\"premium-heading-de18205a43ce\" data-icontype=\"icon\"><h6 class=\"premium-title-header premium-title-default__wrap \" data-blur-delay=\"\" data-shiny-dur=\"\"><span class=\"premium-title-text-title \">5. <strong><strong><strong><strong><strong>Responsabilit\u00e9<\/strong><\/strong><\/strong><\/strong><\/strong><\/span><\/h6><\/div><\/div>\n\n\n\n<div class=\"wp-block-premium-text premium-text-a4d902c47753 premium-text\"><p class=\"premium-text-wrap\">Yoga&amp;More SAS s\u2019efforce de fournir des informations fiables et \u00e0 jour.<br>Cependant, elle ne pourra \u00eatre tenue responsable des erreurs, omissions ou r\u00e9sultats pouvant \u00eatre obtenus par un mauvais usage des informations diffus\u00e9es.<\/p><\/div>\n\n\n\n<div class=\"wp-block-premium-heading premium-heading default premium-heading-25539b557195\"><div class=\"premium-title-container  default \" data-backgroundtext=\"\" id=\"premium-heading-25539b557195\" data-icontype=\"icon\"><h6 class=\"premium-title-header premium-title-default__wrap \" data-blur-delay=\"\" data-shiny-dur=\"\"><span class=\"premium-title-text-title \"><strong><strong><strong><strong><strong><strong>6. Activit\u00e9 de bien-\u00eatre<\/strong><\/strong><\/strong><\/strong><\/strong><\/strong><\/span><\/h6><\/div><\/div>\n\n\n\n<div class=\"wp-block-premium-text premium-text-f1f455e17758 premium-text\"><p class=\"premium-text-wrap\">Les cours propos\u00e9s par THE HAAUS sont destin\u00e9s au bien-\u00eatre et ne remplacent en aucun cas un avis ou un suivi m\u00e9dical.<br>Il appartient \u00e0 chaque participant de s\u2019assurer de son aptitude physique \u00e0 la pratique du yoga, de la barre, du pilates et autres activit\u00e9s propos\u00e9s par la studio The Haaus.<\/p><\/div>\n\n\n\n<div class=\"wp-block-premium-heading premium-heading default premium-heading-66a426f93e8a\"><div class=\"premium-title-container  default \" data-backgroundtext=\"\" id=\"premium-heading-66a426f93e8a\" data-icontype=\"icon\"><h6 class=\"premium-title-header premium-title-default__wrap \" data-blur-delay=\"\" data-shiny-dur=\"\"><span class=\"premium-title-text-title \">7. <strong><strong><strong><strong><strong><strong><strong>M\u00e9diation \u00e0 la consommation<\/strong><\/strong><\/strong><\/strong><\/strong><\/strong><\/strong><\/span><\/h6><\/div><\/div>\n\n\n\n<div class=\"wp-block-premium-text premium-text-b161e555a1d9 premium-text\"><p class=\"premium-text-wrap\">Conform\u00e9ment aux dispositions du Code de la consommation, le client peut recourir gratuitement \u00e0 un m\u00e9diateur de la consommation en vue de la r\u00e9solution amiable<br>d\u2019un litige.<\/p><\/div>\n\n\n\n<div class=\"wp-block-premium-heading premium-heading default premium-heading-e7477fde8dff\"><div class=\"premium-title-container  default \" data-backgroundtext=\"\" id=\"premium-heading-e7477fde8dff\" data-icontype=\"icon\"><h6 class=\"premium-title-header premium-title-default__wrap \" data-blur-delay=\"\" data-shiny-dur=\"\"><span class=\"premium-title-text-title \"><strong><strong><strong><strong><strong><strong><strong><strong><strong>8. Droit applicable<\/strong><\/strong><\/strong><\/strong><\/strong><\/strong><\/strong><\/strong><\/strong><\/span><\/h6><\/div><\/div>\n\n\n\n<div class=\"wp-block-premium-text premium-text-9e4cf736b59e premium-text\"><p class=\"premium-text-wrap\">Les pr\u00e9sentes mentions l\u00e9gales sont soumises au droit fran\u00e7ais.<\/p><\/div>\n\n\n\n<div class=\"wp-block-premium-text premium-text-8472349b68a8 premium-text\"><p class=\"premium-text-wrap\"><strong>Pour toute question<\/strong> : <a href=\"mailto:hello@thehaaus.com\">hello@thehaaus.com<\/a><\/p><\/div>\n<\/div><\/div><\/div>\n","protected":false},"excerpt":{"rendered":"","protected":false},"author":1,"featured_media":601,"parent":0,"menu_order":0,"comment_status":"closed","ping_status":"closed","template":"page-no-title","meta":{"footnotes":""},"folder":[27],"class_list":["post-1717","page","type-page","status-publish","has-post-thumbnail","hentry"],"yoast_head":"<!-- This site is optimized with the Yoast SEO plugin v27.3 - https:\/\/yoast.com\/product\/yoast-seo-wordpress\/ -->\n<title>Mentions l\u00e9gales - The Haaus - Yoga &amp; more Les mentions l\u00e9gales du studio.<\/title>\n<meta name=\"description\" content=\"Mentions l\u00e9gales du studio The Haaus : \u00e9diteur, h\u00e9bergeur, propri\u00e9t\u00e9 intellectuelle et conditions d&#039;utilisation du site.\" \/>\n<meta name=\"robots\" content=\"index, follow, max-snippet:-1, max-image-preview:large, max-video-preview:-1\" \/>\n<link rel=\"canonical\" href=\"https:\/\/thehaaus.com\/index.php\/mentions-legales\/\" \/>\n<meta property=\"og:locale\" content=\"fr_FR\" \/>\n<meta property=\"og:type\" content=\"article\" \/>\n<meta property=\"og:title\" content=\"Mentions l\u00e9gales - The Haaus - Yoga &amp; more Les mentions l\u00e9gales du studio.\" \/>\n<meta property=\"og:description\" content=\"Mentions l\u00e9gales du studio The Haaus : \u00e9diteur, h\u00e9bergeur, propri\u00e9t\u00e9 intellectuelle et conditions d&#039;utilisation du site.\" \/>\n<meta property=\"og:url\" content=\"https:\/\/thehaaus.com\/index.php\/mentions-legales\/\" \/>\n<meta property=\"og:site_name\" content=\"The Haaus - Yoga &amp; more\" \/>\n<meta property=\"article:publisher\" content=\"https:\/\/www.facebook.com\/profile.php?id=61588243662063&amp;locale=fr_FR\" \/>\n<meta property=\"article:modified_time\" content=\"2026-04-16T13:32:20+00:00\" \/>\n<meta property=\"og:image\" content=\"https:\/\/thehaaus.com\/wp-content\/uploads\/2026\/01\/Reformer.jpg\" \/>\n\t<meta property=\"og:image:width\" content=\"1344\" \/>\n\t<meta property=\"og:image:height\" content=\"768\" \/>\n\t<meta property=\"og:image:type\" content=\"image\/jpeg\" \/>\n<meta name=\"twitter:card\" content=\"summary_large_image\" \/>\n<meta name=\"twitter:label1\" content=\"Dur\u00e9e de lecture estim\u00e9e\" \/>\n\t<meta name=\"twitter:data1\" content=\"2 minutes\" \/>\n<script type=\"application\/ld+json\" class=\"yoast-schema-graph\">{\"@context\":\"https:\\\/\\\/schema.org\",\"@graph\":[{\"@type\":\"WebPage\",\"@id\":\"https:\\\/\\\/thehaaus.com\\\/index.php\\\/mentions-legales\\\/\",\"url\":\"https:\\\/\\\/thehaaus.com\\\/index.php\\\/mentions-legales\\\/\",\"name\":\"Mentions l\u00e9gales - The Haaus - Yoga &amp; more Les mentions l\u00e9gales du studio.\",\"isPartOf\":{\"@id\":\"https:\\\/\\\/thehaaus.com\\\/#website\"},\"primaryImageOfPage\":{\"@id\":\"https:\\\/\\\/thehaaus.com\\\/index.php\\\/mentions-legales\\\/#primaryimage\"},\"image\":{\"@id\":\"https:\\\/\\\/thehaaus.com\\\/index.php\\\/mentions-legales\\\/#primaryimage\"},\"thumbnailUrl\":\"https:\\\/\\\/thehaaus.com\\\/wp-content\\\/uploads\\\/2026\\\/01\\\/Reformer.jpg\",\"datePublished\":\"2026-03-27T17:06:16+00:00\",\"dateModified\":\"2026-04-16T13:32:20+00:00\",\"description\":\"Mentions l\u00e9gales du studio The Haaus : \u00e9diteur, h\u00e9bergeur, propri\u00e9t\u00e9 intellectuelle et conditions d'utilisation du site.\",\"breadcrumb\":{\"@id\":\"https:\\\/\\\/thehaaus.com\\\/index.php\\\/mentions-legales\\\/#breadcrumb\"},\"inLanguage\":\"fr-FR\",\"potentialAction\":[{\"@type\":\"ReadAction\",\"target\":[\"https:\\\/\\\/thehaaus.com\\\/index.php\\\/mentions-legales\\\/\"]}]},{\"@type\":\"ImageObject\",\"inLanguage\":\"fr-FR\",\"@id\":\"https:\\\/\\\/thehaaus.com\\\/index.php\\\/mentions-legales\\\/#primaryimage\",\"url\":\"https:\\\/\\\/thehaaus.com\\\/wp-content\\\/uploads\\\/2026\\\/01\\\/Reformer.jpg\",\"contentUrl\":\"https:\\\/\\\/thehaaus.com\\\/wp-content\\\/uploads\\\/2026\\\/01\\\/Reformer.jpg\",\"width\":1344,\"height\":768,\"caption\":\"Yoga Reformer Chez The Haaus Studio \u00e0 Strasbourg\"},{\"@type\":\"BreadcrumbList\",\"@id\":\"https:\\\/\\\/thehaaus.com\\\/index.php\\\/mentions-legales\\\/#breadcrumb\",\"itemListElement\":[{\"@type\":\"ListItem\",\"position\":1,\"name\":\"Accueil\",\"item\":\"https:\\\/\\\/thehaaus.com\\\/\"},{\"@type\":\"ListItem\",\"position\":2,\"name\":\"Mentions l\u00e9gales\"}]},{\"@type\":\"WebSite\",\"@id\":\"https:\\\/\\\/thehaaus.com\\\/#website\",\"url\":\"https:\\\/\\\/thehaaus.com\\\/\",\"name\":\"The Haaus - Studio Yoga & more\",\"description\":\"Retrouvez l&#039;harmonie du corps et de l&#039;esprit dans notre sanctuaire urbain.\",\"publisher\":{\"@id\":\"https:\\\/\\\/thehaaus.com\\\/#organization\"},\"alternateName\":\"The Haaus\",\"potentialAction\":[{\"@type\":\"SearchAction\",\"target\":{\"@type\":\"EntryPoint\",\"urlTemplate\":\"https:\\\/\\\/thehaaus.com\\\/?s={search_term_string}\"},\"query-input\":{\"@type\":\"PropertyValueSpecification\",\"valueRequired\":true,\"valueName\":\"search_term_string\"}}],\"inLanguage\":\"fr-FR\"},{\"@type\":\"Organization\",\"@id\":\"https:\\\/\\\/thehaaus.com\\\/#organization\",\"name\":\"The Haaus - Yoga & more\",\"alternateName\":\"The Haaus\",\"url\":\"https:\\\/\\\/thehaaus.com\\\/\",\"logo\":{\"@type\":\"ImageObject\",\"inLanguage\":\"fr-FR\",\"@id\":\"https:\\\/\\\/thehaaus.com\\\/#\\\/schema\\\/logo\\\/image\\\/\",\"url\":\"https:\\\/\\\/thehaaus.com\\\/wp-content\\\/uploads\\\/2026\\\/03\\\/Logo-The-Haaus-Header.png\",\"contentUrl\":\"https:\\\/\\\/thehaaus.com\\\/wp-content\\\/uploads\\\/2026\\\/03\\\/Logo-The-Haaus-Header.png\",\"width\":201,\"height\":112,\"caption\":\"The Haaus - Yoga & more\"},\"image\":{\"@id\":\"https:\\\/\\\/thehaaus.com\\\/#\\\/schema\\\/logo\\\/image\\\/\"},\"sameAs\":[\"https:\\\/\\\/www.facebook.com\\\/profile.php?id=61588243662063&locale=fr_FR\",\"https:\\\/\\\/www.instagram.com\\\/thehaaus\\\/\",\"https:\\\/\\\/www.linkedin.com\\\/company\\\/the-haaus\\\/\"]}]}<\/script>\n<!-- \/ Yoast SEO plugin. -->","yoast_head_json":{"title":"Mentions l\u00e9gales - The Haaus - Yoga &amp; more Les mentions l\u00e9gales du studio.","description":"Mentions l\u00e9gales du studio The Haaus : \u00e9diteur, h\u00e9bergeur, propri\u00e9t\u00e9 intellectuelle et conditions d'utilisation du site.","robots":{"index":"index","follow":"follow","max-snippet":"max-snippet:-1","max-image-preview":"max-image-preview:large","max-video-preview":"max-video-preview:-1"},"canonical":"https:\/\/thehaaus.com\/index.php\/mentions-legales\/","og_locale":"fr_FR","og_type":"article","og_title":"Mentions l\u00e9gales - The Haaus - Yoga &amp; more Les mentions l\u00e9gales du studio.","og_description":"Mentions l\u00e9gales du studio The Haaus : \u00e9diteur, h\u00e9bergeur, propri\u00e9t\u00e9 intellectuelle et conditions d'utilisation du site.","og_url":"https:\/\/thehaaus.com\/index.php\/mentions-legales\/","og_site_name":"The Haaus - Yoga &amp; more","article_publisher":"https:\/\/www.facebook.com\/profile.php?id=61588243662063&locale=fr_FR","article_modified_time":"2026-04-16T13:32:20+00:00","og_image":[{"width":1344,"height":768,"url":"https:\/\/thehaaus.com\/wp-content\/uploads\/2026\/01\/Reformer.jpg","type":"image\/jpeg"}],"twitter_card":"summary_large_image","twitter_misc":{"Dur\u00e9e de lecture estim\u00e9e":"2 minutes"},"schema":{"@context":"https:\/\/schema.org","@graph":[{"@type":"WebPage","@id":"https:\/\/thehaaus.com\/index.php\/mentions-legales\/","url":"https:\/\/thehaaus.com\/index.php\/mentions-legales\/","name":"Mentions l\u00e9gales - The Haaus - Yoga &amp; more Les mentions l\u00e9gales du studio.","isPartOf":{"@id":"https:\/\/thehaaus.com\/#website"},"primaryImageOfPage":{"@id":"https:\/\/thehaaus.com\/index.php\/mentions-legales\/#primaryimage"},"image":{"@id":"https:\/\/thehaaus.com\/index.php\/mentions-legales\/#primaryimage"},"thumbnailUrl":"https:\/\/thehaaus.com\/wp-content\/uploads\/2026\/01\/Reformer.jpg","datePublished":"2026-03-27T17:06:16+00:00","dateModified":"2026-04-16T13:32:20+00:00","description":"Mentions l\u00e9gales du studio The Haaus : \u00e9diteur, h\u00e9bergeur, propri\u00e9t\u00e9 intellectuelle et conditions d'utilisation du site.","breadcrumb":{"@id":"https:\/\/thehaaus.com\/index.php\/mentions-legales\/#breadcrumb"},"inLanguage":"fr-FR","potentialAction":[{"@type":"ReadAction","target":["https:\/\/thehaaus.com\/index.php\/mentions-legales\/"]}]},{"@type":"ImageObject","inLanguage":"fr-FR","@id":"https:\/\/thehaaus.com\/index.php\/mentions-legales\/#primaryimage","url":"https:\/\/thehaaus.com\/wp-content\/uploads\/2026\/01\/Reformer.jpg","contentUrl":"https:\/\/thehaaus.com\/wp-content\/uploads\/2026\/01\/Reformer.jpg","width":1344,"height":768,"caption":"Yoga Reformer Chez The Haaus Studio \u00e0 Strasbourg"},{"@type":"BreadcrumbList","@id":"https:\/\/thehaaus.com\/index.php\/mentions-legales\/#breadcrumb","itemListElement":[{"@type":"ListItem","position":1,"name":"Accueil","item":"https:\/\/thehaaus.com\/"},{"@type":"ListItem","position":2,"name":"Mentions l\u00e9gales"}]},{"@type":"WebSite","@id":"https:\/\/thehaaus.com\/#website","url":"https:\/\/thehaaus.com\/","name":"The Haaus - Studio Yoga & more","description":"Retrouvez l&#039;harmonie du corps et de l&#039;esprit dans notre sanctuaire urbain.","publisher":{"@id":"https:\/\/thehaaus.com\/#organization"},"alternateName":"The Haaus","potentialAction":[{"@type":"SearchAction","target":{"@type":"EntryPoint","urlTemplate":"https:\/\/thehaaus.com\/?s={search_term_string}"},"query-input":{"@type":"PropertyValueSpecification","valueRequired":true,"valueName":"search_term_string"}}],"inLanguage":"fr-FR"},{"@type":"Organization","@id":"https:\/\/thehaaus.com\/#organization","name":"The Haaus - Yoga & more","alternateName":"The Haaus","url":"https:\/\/thehaaus.com\/","logo":{"@type":"ImageObject","inLanguage":"fr-FR","@id":"https:\/\/thehaaus.com\/#\/schema\/logo\/image\/","url":"https:\/\/thehaaus.com\/wp-content\/uploads\/2026\/03\/Logo-The-Haaus-Header.png","contentUrl":"https:\/\/thehaaus.com\/wp-content\/uploads\/2026\/03\/Logo-The-Haaus-Header.png","width":201,"height":112,"caption":"The Haaus - Yoga & more"},"image":{"@id":"https:\/\/thehaaus.com\/#\/schema\/logo\/image\/"},"sameAs":["https:\/\/www.facebook.com\/profile.php?id=61588243662063&locale=fr_FR","https:\/\/www.instagram.com\/thehaaus\/","https:\/\/www.linkedin.com\/company\/the-haaus\/"]}]}},"pbg_featured_image_src":{"full":["https:\/\/thehaaus.com\/wp-content\/uploads\/2026\/01\/Reformer.jpg",1344,768,false],"thumbnail":["https:\/\/thehaaus.com\/wp-content\/uploads\/2026\/01\/Reformer-150x150.jpg",150,150,true],"medium":["https:\/\/thehaaus.com\/wp-content\/uploads\/2026\/01\/Reformer-300x171.jpg",300,171,true],"medium_large":["https:\/\/thehaaus.com\/wp-content\/uploads\/2026\/01\/Reformer-768x439.jpg",768,439,true],"large":["https:\/\/thehaaus.com\/wp-content\/uploads\/2026\/01\/Reformer-1024x585.jpg",1024,585,true],"1536x1536":["https:\/\/thehaaus.com\/wp-content\/uploads\/2026\/01\/Reformer.jpg",1344,768,false],"2048x2048":["https:\/\/thehaaus.com\/wp-content\/uploads\/2026\/01\/Reformer.jpg",1344,768,false],"awb_sm":["https:\/\/thehaaus.com\/wp-content\/uploads\/2026\/01\/Reformer.jpg",500,286,false],"awb_md":["https:\/\/thehaaus.com\/wp-content\/uploads\/2026\/01\/Reformer.jpg",800,457,false],"awb_lg":["https:\/\/thehaaus.com\/wp-content\/uploads\/2026\/01\/Reformer.jpg",1280,731,false],"awb_xl":["https:\/\/thehaaus.com\/wp-content\/uploads\/2026\/01\/Reformer.jpg",1344,768,false]},"pbg_author_info":{"display_name":"admin3050","author_link":"https:\/\/thehaaus.com\/index.php\/author\/admin3050\/","author_img":"<img alt='admin3050' src='https:\/\/secure.gravatar.com\/avatar\/3dda9512a93afa49f8035ecb4684d898aabab977f25a789840f06f43f9c9635c?s=128&#038;d=mm&#038;r=g' srcset='https:\/\/secure.gravatar.com\/avatar\/3dda9512a93afa49f8035ecb4684d898aabab977f25a789840f06f43f9c9635c?s=256&#038;d=mm&#038;r=g 2x' class='avatar avatar-128 photo' height='128' width='128' loading='lazy' decoding='async'\/>"},"pbg_comment_info":" No Comments","pbg_excerpt":null,"_links":{"self":[{"href":"https:\/\/thehaaus.com\/index.php\/wp-json\/wp\/v2\/pages\/1717","targetHints":{"allow":["GET"]}}],"collection":[{"href":"https:\/\/thehaaus.com\/index.php\/wp-json\/wp\/v2\/pages"}],"about":[{"href":"https:\/\/thehaaus.com\/index.php\/wp-json\/wp\/v2\/types\/page"}],"author":[{"embeddable":true,"href":"https:\/\/thehaaus.com\/index.php\/wp-json\/wp\/v2\/users\/1"}],"replies":[{"embeddable":true,"href":"https:\/\/thehaaus.com\/index.php\/wp-json\/wp\/v2\/comments?post=1717"}],"version-history":[{"count":6,"href":"https:\/\/thehaaus.com\/index.php\/wp-json\/wp\/v2\/pages\/1717\/revisions"}],"predecessor-version":[{"id":2201,"href":"https:\/\/thehaaus.com\/index.php\/wp-json\/wp\/v2\/pages\/1717\/revisions\/2201"}],"wp:featuredmedia":[{"embeddable":true,"href":"https:\/\/thehaaus.com\/index.php\/wp-json\/wp\/v2\/media\/601"}],"wp:attachment":[{"href":"https:\/\/thehaaus.com\/index.php\/wp-json\/wp\/v2\/media?parent=1717"}],"wp:term":[{"taxonomy":"folder","embeddable":true,"href":"https:\/\/thehaaus.com\/index.php\/wp-json\/wp\/v2\/folder?post=1717"}],"curies":[{"name":"wp","href":"https:\/\/api.w.org\/{rel}","templated":true}]}}